{"id":42,"date":"2018-02-17T12:05:15","date_gmt":"2018-02-17T11:05:15","guid":{"rendered":"http:\/\/www.reiterhof-schurig.de\/?page_id=42"},"modified":"2025-09-09T19:34:41","modified_gmt":"2025-09-09T17:34:41","slug":"pferdepension","status":"publish","type":"page","link":"https:\/\/www.reiterhof-schurig.de\/index.php\/pferdepension\/","title":{"rendered":"Pferdepension"},"content":{"rendered":"<blockquote><p>Bei uns steht Ihr Pferd im Mittelpunkt<\/p><\/blockquote>\n<p>Den ganzen Tag auf Arbeit immer mit einem Gedanken bei seinem Pferd sein &#8211; undenkbar. Wir sind f\u00fcr Ihr Pferd da, w\u00e4hrend Sie unbeschwert Ihrer Arbeit nachgehen k\u00f6nnen. Was wir Ihrem Pferd bieten:<\/p>\n<ul>\n<li>ger\u00e4umige Boxen<\/li>\n<li>t\u00e4glicher Auslauf im Sommer von 05:00 bis 20:00 Uhr auf der Koppel, im Winter von 06:00 bis 18:00 Uhr auf einen Auslauf (dort wird Heu bereitgestellt)<\/li>\n<li>Pflege der Boxen (Ausmisten, Einstreuen, Raufutter)<\/li>\n<li>Gabe von Futter in Abstimmung mit Ihnen<\/li>\n<\/ul>\n<p>Wir sind eine Gemeinschaft von Freizeitreitern. Auf dem Hof stehen eine Reithalle, ein Roundpen und zwei Reitpl\u00e4tze f\u00fcr die Arbeit mit Ihrem Pferd zur Verf\u00fcgung. Ein gro\u00dfz\u00fcgiges Ausreitgel\u00e4nde &#8211; die Lunzberge &#8211; befindet sich in unmittelbarer N\u00e4he zum Hof. Die D\u00f6lauer Heide ist in ca. 20 Minuten zu erreichen.<\/p>\n<p>Sie suchen einen Stall f\u00fcr Ihr Pferd und wir haben Ihr Interesse geweckt? Sprechen Sie uns einfach an, wir freuen uns darauf, Sie kennenzulernen.<\/p>\n","protected":false},"excerpt":{"rendered":"<p>Bei uns steht Ihr Pferd im Mittelpunkt Den ganzen Tag auf Arbeit immer mit einem Gedanken bei seinem Pferd sein &#8211; undenkbar. Wir sind f\u00fcr Ihr Pferd da, w\u00e4hrend Sie unbeschwert Ihrer Arbeit nachgehen k\u00f6nnen. Was wir Ihrem Pferd bieten:<\/p>\n","protected":false},"author":1,"featured_media":0,"parent":0,"menu_order":0,"comment_status":"closed","ping_status":"closed","template":"","meta":{"ngg_post_thumbnail":0,"footnotes":""},"class_list":["post-42","page","type-page","status-publish","hentry"],"_links":{"self":[{"href":"https:\/\/www.reiterhof-schurig.de\/index.php\/wp-json\/wp\/v2\/pages\/42","targetHints":{"allow":["GET"]}}],"collection":[{"href":"https:\/\/www.reiterhof-schurig.de\/index.php\/wp-json\/wp\/v2\/pages"}],"about":[{"href":"https:\/\/www.reiterhof-schurig.de\/index.php\/wp-json\/wp\/v2\/types\/page"}],"author":[{"embeddable":true,"href":"https:\/\/www.reiterhof-schurig.de\/index.php\/wp-json\/wp\/v2\/users\/1"}],"replies":[{"embeddable":true,"href":"https:\/\/www.reiterhof-schurig.de\/index.php\/wp-json\/wp\/v2\/comments?post=42"}],"version-history":[{"count":7,"href":"https:\/\/www.reiterhof-schurig.de\/index.php\/wp-json\/wp\/v2\/pages\/42\/revisions"}],"predecessor-version":[{"id":562,"href":"https:\/\/www.reiterhof-schurig.de\/index.php\/wp-json\/wp\/v2\/pages\/42\/revisions\/562"}],"wp:attachment":[{"href":"https:\/\/www.reiterhof-schurig.de\/index.php\/wp-json\/wp\/v2\/media?parent=42"}],"curies":[{"name":"wp","href":"https:\/\/api.w.org\/{rel}","templated":true}]}}