{"id":44,"date":"2022-04-22T18:43:24","date_gmt":"2022-04-22T16:43:24","guid":{"rendered":"http:\/\/www.reiterhof-schurig.de\/?page_id=44"},"modified":"2022-11-01T13:35:08","modified_gmt":"2022-11-01T12:35:08","slug":"reitunterricht","status":"publish","type":"page","link":"https:\/\/www.reiterhof-schurig.de\/index.php\/reitunterricht\/","title":{"rendered":"Reitunterricht"},"content":{"rendered":"\n<blockquote class=\"wp-block-quote is-layout-flow wp-block-quote-is-layout-flow\"><p>Alles Gl\u00fcck dieser Erde liegt auf dem R\u00fccken der Pferde &#8230;<\/p><\/blockquote>\n\n\n\n<p>Wolltest Du schon immer herausfinden, was es mit diesem Sprichwort auf sich hat?<\/p>\n\n\n\n<p>Tr\u00e4umst Du in der Nacht von Einh\u00f6rnern und stellst am Morgen traurig fest, dass der Traum nicht Wirklichkeit geworden ist?<\/p>\n\n\n\n<p>Hast Du den Wunsch, gemeinsam mit einem starken Freund durch die Natur zu streifen?<\/p>\n\n\n\n<p>Wie w\u00e4re es, aus solchen Tr\u00e4umen und W\u00fcnschen Wirklichkeit werden zu lassen? Egal, ob Du schon einmal auf dem Pferd gesessen hast oder Dich noch nie auf dem Pferder\u00fccken ausprobiert hast &#8211; komm&#8216; doch einfach mal vorbei. Wir w\u00fcrden uns freuen, wenn wir Dir beim Erlernen des 1&#215;1 der Pferde helfen d\u00fcrfen.<\/p>\n\n\n\n<p>Allerdings, selbst die freundlichste Reitlehrer*in und das gen\u00fcgsamste Pony wollen auch leben. Deshalb k\u00f6nnen wir Dir unsere Dienste leider nicht kostenlos anbieten:<\/p>\n\n\n\n<figure class=\"wp-block-table is-style-stripes\"><table><thead><tr><th><\/th><th class=\"has-text-align-center\" data-align=\"center\">Dauer<\/th><th class=\"has-text-align-right\" data-align=\"right\">Preis pro Person (brutto)<\/th><\/tr><\/thead><tbody><tr><td>Longe &#8211; f\u00fcr Anf\u00e4nger<\/td><td class=\"has-text-align-center\" data-align=\"center\">30 min<\/td><td class=\"has-text-align-right\" data-align=\"right\">30 \u20ac<\/td><\/tr><tr><td>Gruppe &#8211; f\u00fcr Fortgeschrittene<\/td><td class=\"has-text-align-center\" data-align=\"center\">50 min<\/td><td class=\"has-text-align-right\" data-align=\"right\">30 \u20ac<\/td><\/tr><tr><td>Gruppe mit eigenem Pferd<\/td><td class=\"has-text-align-center\" data-align=\"center\">50 min<\/td><td class=\"has-text-align-right\" data-align=\"right\">20 \u20ac<\/td><\/tr><tr><td>Einzelunterricht<\/td><td class=\"has-text-align-center\" data-align=\"center\">50 min<\/td><td class=\"has-text-align-right\" data-align=\"right\">50 \u20ac<\/td><\/tr><tr><td>Bodenarbeit<\/td><td class=\"has-text-align-center\" data-align=\"center\">50 min<\/td><td class=\"has-text-align-right\" data-align=\"right\">25 \u20ac<\/td><\/tr><\/tbody><\/table><\/figure>\n","protected":false},"excerpt":{"rendered":"<p>Alles Gl\u00fcck dieser Erde liegt auf dem R\u00fccken der Pferde &#8230; Wolltest Du schon immer herausfinden, was es mit diesem Sprichwort auf sich hat? Tr\u00e4umst Du in der Nacht von Einh\u00f6rnern und stellst am Morgen traurig fest, dass der Traum<\/p>\n","protected":false},"author":1,"featured_media":0,"parent":0,"menu_order":0,"comment_status":"closed","ping_status":"closed","template":"","meta":{"ngg_post_thumbnail":0,"footnotes":""},"class_list":["post-44","page","type-page","status-publish","hentry"],"_links":{"self":[{"href":"https:\/\/www.reiterhof-schurig.de\/index.php\/wp-json\/wp\/v2\/pages\/44","targetHints":{"allow":["GET"]}}],"collection":[{"href":"https:\/\/www.reiterhof-schurig.de\/index.php\/wp-json\/wp\/v2\/pages"}],"about":[{"href":"https:\/\/www.reiterhof-schurig.de\/index.php\/wp-json\/wp\/v2\/types\/page"}],"author":[{"embeddable":true,"href":"https:\/\/www.reiterhof-schurig.de\/index.php\/wp-json\/wp\/v2\/users\/1"}],"replies":[{"embeddable":true,"href":"https:\/\/www.reiterhof-schurig.de\/index.php\/wp-json\/wp\/v2\/comments?post=44"}],"version-history":[{"count":15,"href":"https:\/\/www.reiterhof-schurig.de\/index.php\/wp-json\/wp\/v2\/pages\/44\/revisions"}],"predecessor-version":[{"id":474,"href":"https:\/\/www.reiterhof-schurig.de\/index.php\/wp-json\/wp\/v2\/pages\/44\/revisions\/474"}],"wp:attachment":[{"href":"https:\/\/www.reiterhof-schurig.de\/index.php\/wp-json\/wp\/v2\/media?parent=44"}],"curies":[{"name":"wp","href":"https:\/\/api.w.org\/{rel}","templated":true}]}}